{"id":23813644,"date":"2023-12-04T09:44:13","date_gmt":"2023-12-04T14:44:13","guid":{"rendered":"https:\/\/goodsamottawa.org\/23813644-2\/"},"modified":"2024-07-17T17:10:36","modified_gmt":"2024-07-17T21:10:36","slug":"23813644-2","status":"publish","type":"page","link":"https:\/\/goodsamottawa.org\/es\/23813644-2\/","title":{"rendered":"Vacaciones"},"content":{"rendered":"<p>[et_pb_section fb_built=\u00bb1&#8243; _builder_version=\u00bb4.23.1&#8243; _module_preset=\u00bbdefault\u00bb background_color=\u00bbRGBA(255,255,255,0)\u00bb background_image=\u00bbhttps:\/\/goodsamottawa.org\/wp-content\/uploads\/2023\/12\/holiday_bg.png\u00bb parallax=\u00bbon\u00bb custom_padding=\u00bb190px||||false|false\u00bb hover_enabled=\u00bb0&#8243; global_colors_info=\u00bb{}\u00bb theme_builder_area=\u00bbpost_content\u00bb sticky_enabled=\u00bb0&#8243; title_text=\u00bbholiday_bg\u00bb min_height=\u00bb800px\u00bb][et_pb_row _builder_version=\u00bb4.20.4&#8243; _module_preset=\u00bbdefault\u00bb width=\u00bb100%\u00bb max_width=\u00bb1140px\u00bb module_alignment=\u00bbcenter\u00bb global_colors_info=\u00bb{}\u00bb theme_builder_area=\u00bbpost_content\u00bb][et_pb_column type=\u00bb4_4&#8243; _builder_version=\u00bb4.20.4&#8243; _module_preset=\u00bbdefault\u00bb global_colors_info=\u00bb{}\u00bb theme_builder_area=\u00bbpost_content\u00bb][et_pb_text module_class=\u00bbtext&#8211;add-orange-triangle\u00bb _builder_version=\u00bb4.23.1&#8243; _module_preset=\u00bbdefault\u00bb header_font=\u00bb|||on|||||\u00bb header_text_color=\u00bb#EEECE4&#8243; header_font_size=\u00bb65px\u00bb header_2_text_color=\u00bb#EEECE4&#8243; custom_margin=\u00bb||0px||false|false\u00bb custom_padding=\u00bb||||false|false\u00bb hover_enabled=\u00bb0&#8243; global_colors_info=\u00bb{}\u00bb theme_builder_area=\u00bbpost_content\u00bb sticky_enabled=\u00bb0&#8243;]<\/p>\n<h1 style=\"text-align: left;\">Nadie espera quedarse sin hogar.<\/h1>\n<p>[\/et_pb_text][et_pb_text _builder_version=\u00bb4.23.1&#8243; _module_preset=\u00bbdefault\u00bb header_3_text_color=\u00bb#EEECE4&#8243; hover_enabled=\u00bb0&#8243; global_colors_info=\u00bb{}\u00bb theme_builder_area=\u00bbpost_content\u00bb header_3_font_size=\u00bb45px\u00bb sticky_enabled=\u00bb0&#8243;]<\/p>\n<h3>Estas fiestas, puedes dar a alguien un <strong>motivo de celebraci\u00f3n<\/strong>.<\/h3>\n<p>[\/et_pb_text][et_pb_button button_text=\u00bbDonar ahora\u00bb _builder_version=\u00bb4.23.1&#8243; _module_preset=\u00bbdefault\u00bb theme_builder_area=\u00bbpost_content\u00bb background_layout=\u00bbdark\u00bb custom_button=\u00bbon\u00bb button_bg_color=\u00bb#1D7773&#8243; button_bg_enable_color=\u00bbon\u00bb button_border_width=\u00bb0px\u00bb hover_enabled=\u00bb0&#8243; sticky_enabled=\u00bb0&#8243; button_url=\u00bbhttps:\/\/goodsamaritanministries-bloom.kindful.com\/?campaign=1282513&#8243;][\/et_pb_button][\/et_pb_column][\/et_pb_row][\/et_pb_section][et_pb_section fb_built=\u00bb1&#8243; _builder_version=\u00bb4.23.1&#8243; _module_preset=\u00bbdefault\u00bb background_color=\u00bbRGBA(255,255,255,0)\u00bb max_width=\u00bb1700px\u00bb module_alignment=\u00bbcenter\u00bb custom_margin=\u00bb||||false|false\u00bb custom_padding=\u00bb||||false|false\u00bb hover_enabled=\u00bb0&#8243; global_colors_info=\u00bb{}\u00bb theme_builder_area=\u00bbpost_content\u00bb sticky_enabled=\u00bb0&#8243;][et_pb_row _builder_version=\u00bb4.20.4&#8243; _module_preset=\u00bbdefault\u00bb custom_margin=\u00bb||||false|false\u00bb custom_padding=\u00bb||||false|false\u00bb global_colors_info=\u00bb{}\u00bb theme_builder_area=\u00bbpost_content\u00bb][et_pb_column type=\u00bb4_4&#8243; _builder_version=\u00bb4.18.0&#8243; _module_preset=\u00bbdefault\u00bb global_colors_info=\u00bb{}\u00bb theme_builder_area=\u00bbpost_content\u00bb][et_pb_image src=\u00bbhttps:\/\/goodsamottawa.org\/wp-content\/uploads\/2022\/10\/Good-Sam-Logo.svg\u00bb alt=\u00bbEl Buen Samaritano est\u00e1 acabando con los sin techo en el condado de Ottawa.\u00bb title_text=\u00bbLogotipo de Good Sam\u00bb align=\u00bbcenter\u00bb _builder_version=\u00bb4.23.1&#8243; _module_preset=\u00bbdefault\u00bb hover_enabled=\u00bb0&#8243; global_colors_info=\u00bb{}\u00bb theme_builder_area=\u00bbpost_content\u00bb sticky_enabled=\u00bb0&#8243;][\/et_pb_image][et_pb_text _builder_version=\u00bb4.20.4&#8243; _module_preset=\u00bbdefault\u00bb width=\u00bb80%\u00bb module_alignment=\u00bbcenter\u00bb global_colors_info=\u00bb{}\u00bb theme_builder_area=\u00bbpost_content\u00bb]<\/p>\n<div class=\"page\" title=\"P\u00e1gina 1\">\n<div class=\"section\">\n<div class=\"layoutArea\">\n<div class=\"column\">\n<p><span>El Buen Samaritano est\u00e1 aqu\u00ed para servir a cada persona en el Condado de Ottawa cuando experimentan la falta de vivienda o una crisis de vivienda. Como agencia de recursos designada para nuestro condado, El Buen Samaritano es el mejor primer paso cuando alguien experimenta estas dificultades. Trabajamos con otros organismos para garantizar que podemos prestar los mejores servicios de apoyo posibles y ayudar a las personas a aprovechar sus oportunidades. Y, como somos locales, entramos en la vida de las personas en algunos de sus momentos m\u00e1s vulnerables.<\/span><\/p>\n<\/div>\n<\/div>\n<\/div>\n<\/div>\n<p>[\/et_pb_text][et_pb_button button_text=\u00bbDonar ahora\u00bb _builder_version=\u00bb4.23.1&#8243; _module_preset=\u00bbdefault\u00bb theme_builder_area=\u00bbpost_content\u00bb hover_enabled=\u00bb0&#8243; sticky_enabled=\u00bb0&#8243; button_alignment=\u00bbcenter\u00bb button_url=\u00bbhttps:\/\/goodsamaritanministries-bloom.kindful.com\/?campaign=1282513&#8243;][\/et_pb_button][\/et_pb_column][\/et_pb_row][\/et_pb_section][et_pb_section fb_built=\u00bb1&#8243; theme_builder_area=\u00bbpost_content\u00bb _builder_version=\u00bb4.23.1&#8243; _module_preset=\u00bbdefault\u00bb title_text=\u00bbholiday_bg\u00bb background_image=\u00bbhttps:\/\/goodsamottawa.org\/wp-content\/uploads\/2023\/12\/holiday_bg.png\u00bb hover_enabled=\u00bb0&#8243; sticky_enabled=\u00bb0&#8243; parallax=\u00bbon\u00bb background_color=\u00bbRGBA(255,255,255,0)\u00bb][\/et_pb_section][et_pb_section fb_built=\u00bb1&#8243; theme_builder_area=\u00bbpost_content\u00bb _builder_version=\u00bb4.23.1&#8243; _module_preset=\u00bbdefault\u00bb][et_pb_row _builder_version=\u00bb4.23.1&#8243; _module_preset=\u00bbdefault\u00bb column_structure=\u00bb2_3,1_3&#8243; theme_builder_area=\u00bbpost_content\u00bb hover_enabled=\u00bb0&#8243; sticky_enabled=\u00bb0&#8243;][et_pb_column _builder_version=\u00bb4.23.1&#8243; _module_preset=\u00bbdefault\u00bb type=\u00bb2_3&#8243; theme_builder_area=\u00bbpost_content\u00bb][et_pb_text _builder_version=\u00bb4.23.1&#8243; _module_preset=\u00bbdefault\u00bb theme_builder_area=\u00bbpost_content\u00bb hover_enabled=\u00bb0&#8243; sticky_enabled=\u00bb0&#8243; min_height=\u00bb515px\u00bb]<\/p>\n<h2>Te presento a Cassandra.<\/h2>\n<div class=\"page\" title=\"P\u00e1gina 1\">\n<div class=\"section\">\n<div class=\"layoutArea\">\n<div class=\"column\">\n<p><strong>Cassandra es una de los 776 vecinos que recibieron ayuda este a\u00f1o a trav\u00e9s del programa de prevenci\u00f3n de desahucios del Buen Samaritano<\/strong><span>-y su historia es un gran ejemplo de c\u00f3mo llegamos a trabajar con la gente ante las crisis.<\/span><\/p>\n<p><span>Ante una tragedia familiar, Cassandra se convirti\u00f3 inesperadamente en la cuidadora de sus dos queridos nietos. Acogi\u00f3 a sus nietos y les dio estabilidad, seguridad y cuidados cari\u00f1osos.<\/span><\/p>\n<p><span>Pocos meses despu\u00e9s de acoger a sus nietos, la vida lanz\u00f3 otra bola curva a Cassandra. Una noche, la casa de Cassandra fue blanco de un robo que la dej\u00f3 sin algunas pertenencias queridas y con la cuenta bancaria vac\u00eda.<\/span><\/p>\n<p><span>Esta aplastante p\u00e9rdida llev\u00f3 a Cassandra a retrasarse en el pago del alquiler y otras facturas, lo que finalmente la condujo a los tribunales. All\u00ed conoci\u00f3 a un miembro del equipo del Buen Samaritano.  <\/span><strong>En ese momento de vulnerabilidad, Cassandra lloraba y se enfrentaba a una situaci\u00f3n que nunca hab\u00eda imaginado: pedir ayuda para pagar el alquiler.<\/strong><\/p>\n<p><span>Cassandra se puso en contacto con un entrenador especializado en estabilidad de la vivienda, y<br \/>su alquiler atrasado estaba cubierto para evitar el desahucio pendiente. Esta ayuda a corto plazo permiti\u00f3 a Cassandra rehacer su vida. Hoy, Cassandra y sus nietos prosperan y disfrutan juntos de la seguridad y la estabilidad de su hogar.<\/span><\/p>\n<\/div>\n<\/div>\n<\/div>\n<\/div>\n<p>[\/et_pb_text][\/et_pb_column][et_pb_column _builder_version=\u00bb4.23.1&#8243; _module_preset=\u00bbdefault\u00bb type=\u00bb1_3&#8243; theme_builder_area=\u00bbpost_content\u00bb][et_pb_image src=\u00bbhttps:\/\/goodsamottawa.org\/wp-content\/uploads\/2023\/12\/cassandra-2.png\u00bb _builder_version=\u00bb4.23.1&#8243; _module_preset=\u00bbdefault\u00bb theme_builder_area=\u00bbpost_content\u00bb alt=\u00bbUna mujer sostiene a su beb\u00e9 mientras sonr\u00eden a la c\u00e1mara tras salir de la indigencia.\u00bb title_text=\u00bbcassandra-2&#8243; hover_enabled=\u00bb0&#8243; sticky_enabled=\u00bb0&#8243;][\/et_pb_image][\/et_pb_column][\/et_pb_row][\/et_pb_section][et_pb_section fb_built=\u00bb1&#8243; theme_builder_area=\u00bbpost_content\u00bb _builder_version=\u00bb4.23.1&#8243; _module_preset=\u00bbdefault\u00bb title_text=\u00bbholiday_2&#8243; background_image=\u00bbhttps:\/\/goodsamottawa.org\/wp-content\/uploads\/2023\/12\/holiday_2.png\u00bb hover_enabled=\u00bb0&#8243; sticky_enabled=\u00bb0&#8243;][et_pb_row _builder_version=\u00bb4.23.1&#8243; _module_preset=\u00bbdefault\u00bb theme_builder_area=\u00bbpost_content\u00bb][et_pb_column _builder_version=\u00bb4.23.1&#8243; _module_preset=\u00bbdefault\u00bb type=\u00bb4_4&#8243; theme_builder_area=\u00bbpost_content\u00bb][\/et_pb_column][\/et_pb_row][\/et_pb_section][et_pb_section fb_built=\u00bb1&#8243; theme_builder_area=\u00bbpost_content\u00bb _builder_version=\u00bb4.23.1&#8243; _module_preset=\u00bbdefault\u00bb][et_pb_row _builder_version=\u00bb4.23.1&#8243; _module_preset=\u00bbdefault\u00bb column_structure=\u00bb2_5,3_5&#8243; theme_builder_area=\u00bbpost_content\u00bb][et_pb_column _builder_version=\u00bb4.23.1&#8243; _module_preset=\u00bbdefault\u00bb type=\u00bb2_5&#8243; theme_builder_area=\u00bbpost_content\u00bb][et_pb_image src=\u00bbhttps:\/\/goodsamottawa.org\/wp-content\/uploads\/2023\/12\/HappyHolidays.png\u00bb _builder_version=\u00bb4.23.1&#8243; _module_preset=\u00bbdefault\u00bb theme_builder_area=\u00bbpost_content\u00bb title_text=\u00bbFelicesVacaciones\u00bb hover_enabled=\u00bb0&#8243; sticky_enabled=\u00bb0&#8243;][\/et_pb_image][\/et_pb_column][et_pb_column _builder_version=\u00bb4.23.1&#8243; _module_preset=\u00bbdefault\u00bb type=\u00bb3_5&#8243; theme_builder_area=\u00bbpost_content\u00bb][et_pb_text _builder_version=\u00bb4.23.1&#8243; _module_preset=\u00bbdefault\u00bb theme_builder_area=\u00bbpost_content\u00bb hover_enabled=\u00bb0&#8243; sticky_enabled=\u00bb0&#8243;]<\/p>\n<div class=\"page\" title=\"P\u00e1gina 2\">\n<div class=\"section\">\n<div class=\"layoutArea\">\n<div class=\"column\">\n<p><span>A medida que nos adentramos en esta temporada navide\u00f1a, durante los d\u00edas m\u00e1s oscuros del a\u00f1o, <strong>el Adviento es tambi\u00e9n la temporada del aumento de la esperanza, la luz y la expectaci\u00f3n.<\/strong> \u00a1Qu\u00e9 incre\u00edble recordatorio de que <strong>nosotros tambi\u00e9n podemos dar a alguien una raz\u00f3n para celebrar<\/strong> estas fiestas!<\/span><\/p>\n<p><span>En estas fiestas, \u00bfconsiderar\u00eda la posibilidad de hacer un donativo al Buen Samaritano?  <strong>Tu donativo puede ayudar a alguien como Cassandra, que, en sus momentos m\u00e1s oscuros, puede tener un motivo de celebraci\u00f3n.<\/strong><\/span><\/p>\n<p><span>Feliz Navidad y pr\u00f3spero A\u00f1o Nuevo<\/span><\/p>\n<\/div>\n<\/div>\n<\/div>\n<\/div>\n<p>[\/et_pb_text][et_pb_button button_text=\u00bbDonar ahora\u00bb _builder_version=\u00bb4.23.1&#8243; _module_preset=\u00bbdefault\u00bb theme_builder_area=\u00bbpost_content\u00bb hover_enabled=\u00bb0&#8243; sticky_enabled=\u00bb0&#8243; button_url=\u00bbhttps:\/\/goodsamaritanministries-bloom.kindful.com\/?campaign=1282513&#8243;][\/et_pb_button][\/et_pb_column][\/et_pb_row][\/et_pb_section][et_pb_section fb_built=\u00bb1&#8243; _builder_version=\u00bb4.18.0&#8243; _module_preset=\u00bbdefault\u00bb background_enable_color=\u00bboff\u00bb use_background_color_gradient=\u00bbon\u00bb background_color_gradient_stops=\u00bbrgba(29,119,115,0.89) 2%|rgba(29,119,115,0.91) 100%\u00bb background_color_gradient_overlays_image=\u00bbon\u00bb background_image=\u00bbhttps:\/\/goodsamottawa.org\/wp-content\/uploads\/2022\/10\/Houses-in-a-Row.jpg\u00bb background_position=\u00bbbottom_center\u00bb width=\u00bb90%\u00bb width_tablet=\u00bb100%\u00bb width_phone=\u00bb100%\u00bb width_last_edited=\u00bbon|tablet\u00bb max_width=\u00bb1700px\u00bb module_alignment=\u00bbcenter\u00bb custom_margin=\u00bb|||-42px||\u00bb global_colors_info=\u00bb{}\u00bb theme_builder_area=\u00bbpost_content\u00bb][et_pb_row _builder_version=\u00bb4.18.0&#8243; _module_preset=\u00bbdefault\u00bb width=\u00bb90%\u00bb global_colors_info=\u00bb{}\u00bb theme_builder_area=\u00bbpost_content\u00bb][et_pb_column type=\u00bb4_4&#8243; _builder_version=\u00bb4.18.0&#8243; _module_preset=\u00bbdefault\u00bb global_colors_info=\u00bb{}\u00bb theme_builder_area=\u00bbpost_content\u00bb][et_pb_text _builder_version=\u00bb4.20.4&#8243; _module_preset=\u00bbdefault\u00bb text_font_size=\u00bb24px\u00bb header_font_size=\u00bb22px\u00bb header_2_font_size=\u00bb29px\u00bb text_orientation=\u00bbcenter\u00bb background_layout=\u00bbdark\u00bb max_width=\u00bb1240px\u00bb module_alignment=\u00bbcenter\u00bb text_font_size_tablet=\u00bb24px\u00bb text_font_size_phone=\u00bb18px\u00bb text_font_size_last_edited=\u00bbon|phone\u00bb header_font_size_tablet=\u00bb22px\u00bb header_font_size_phone=\u00bb16px\u00bb header_font_size_last_edited=\u00bbon|phone\u00bb global_colors_info=\u00bb{}\u00bb theme_builder_area=\u00bbpost_content\u00bb]<\/p>\n<h2>Podemos erradicar la falta de vivienda en nuestra comunidad gracias al apoyo de muchas personas y organizaciones generosas.<\/h2>\n<p>Haz un donativo hoy mismo para ayudar a acabar con la falta de vivienda en el condado de Ottawa.<\/p>\n<p>[\/et_pb_text][et_pb_button button_url=\u00bbhttps:\/\/goodsamaritanministries-bloom.kindful.com\/?campaign=1282513&#8243; button_text=\u00bbDonar\u00bb button_alignment=\u00bbcenter\u00bb _builder_version=\u00bb4.23.1&#8243; _module_preset=\u00bbdefault\u00bb background_layout=\u00bbdark\u00bb hover_enabled=\u00bb0&#8243; global_colors_info=\u00bb{}\u00bb theme_builder_area=\u00bbpost_content\u00bb sticky_enabled=\u00bb0&#8243;][\/et_pb_button][\/et_pb_column][\/et_pb_row][\/et_pb_section]<\/p>\n","protected":false},"excerpt":{"rendered":"<p>Nadie espera quedarse sin hogar.Estas fiestas, puedes dar a alguien un motivo de celebraci\u00f3n. El Buen Samaritano est\u00e1 aqu\u00ed para servir a cada persona en el Condado de Ottawa cuando experimentan la falta de vivienda o una crisis de vivienda. Como agencia de recursos designada para nuestro condado, El Buen Samaritano es el mejor primer [&hellip;]<\/p>\n","protected":false},"author":8,"featured_media":0,"parent":0,"menu_order":0,"comment_status":"closed","ping_status":"closed","template":"","meta":{"_et_pb_use_builder":"on","_et_pb_old_content":"","_et_gb_content_width":"","_monsterinsights_skip_tracking":false,"_monsterinsights_sitenote_active":false,"_monsterinsights_sitenote_note":"","_monsterinsights_sitenote_category":0,"footnotes":""},"dipi_cpt_category":[],"class_list":["post-23813644","page","type-page","status-publish","hentry"],"yoast_head":"<!-- This site is optimized with the Yoast SEO plugin v27.3 - https:\/\/yoast.com\/product\/yoast-seo-wordpress\/ -->\n<title>Vacaciones - Good Samaritan<\/title>\n<meta name=\"robots\" content=\"index, follow, max-snippet:-1, max-image-preview:large, max-video-preview:-1\" \/>\n<link rel=\"canonical\" href=\"https:\/\/goodsamottawa.org\/es\/23813644-2\/\" \/>\n<meta property=\"og:locale\" content=\"es_ES\" \/>\n<meta property=\"og:type\" content=\"article\" \/>\n<meta property=\"og:title\" content=\"Vacaciones - Good Samaritan\" \/>\n<meta property=\"og:description\" content=\"Nadie espera quedarse sin hogar.Estas fiestas, puedes dar a alguien un motivo de celebraci\u00f3n. El Buen Samaritano est\u00e1 aqu\u00ed para servir a cada persona en el Condado de Ottawa cuando experimentan la falta de vivienda o una crisis de vivienda. Como agencia de recursos designada para nuestro condado, El Buen Samaritano es el mejor primer [&hellip;]\" \/>\n<meta property=\"og:url\" content=\"https:\/\/goodsamottawa.org\/es\/23813644-2\/\" \/>\n<meta property=\"og:site_name\" content=\"Good Samaritan\" \/>\n<meta property=\"article:publisher\" content=\"https:\/\/www.facebook.com\/GoodSamOttawa\" \/>\n<meta property=\"article:modified_time\" content=\"2024-07-17T21:10:36+00:00\" \/>\n<meta name=\"twitter:card\" content=\"summary_large_image\" \/>\n<meta name=\"twitter:site\" content=\"@goodsam513\" \/>\n<meta name=\"twitter:label1\" content=\"Tiempo de lectura\" \/>\n\t<meta name=\"twitter:data1\" content=\"8 minutos\" \/>\n<script type=\"application\/ld+json\" class=\"yoast-schema-graph\">{\"@context\":\"https:\\\/\\\/schema.org\",\"@graph\":[{\"@type\":\"WebPage\",\"@id\":\"https:\\\/\\\/goodsamottawa.org\\\/es\\\/23813644-2\\\/\",\"url\":\"https:\\\/\\\/goodsamottawa.org\\\/es\\\/23813644-2\\\/\",\"name\":\"Vacaciones - Good Samaritan\",\"isPartOf\":{\"@id\":\"https:\\\/\\\/goodsamottawa.org\\\/es\\\/#website\"},\"datePublished\":\"2023-12-04T14:44:13+00:00\",\"dateModified\":\"2024-07-17T21:10:36+00:00\",\"breadcrumb\":{\"@id\":\"https:\\\/\\\/goodsamottawa.org\\\/es\\\/23813644-2\\\/#breadcrumb\"},\"inLanguage\":\"es\",\"potentialAction\":[{\"@type\":\"ReadAction\",\"target\":[\"https:\\\/\\\/goodsamottawa.org\\\/es\\\/23813644-2\\\/\"]}]},{\"@type\":\"BreadcrumbList\",\"@id\":\"https:\\\/\\\/goodsamottawa.org\\\/es\\\/23813644-2\\\/#breadcrumb\",\"itemListElement\":[{\"@type\":\"ListItem\",\"position\":1,\"name\":\"Home\",\"item\":\"https:\\\/\\\/goodsamottawa.org\\\/es\\\/\"},{\"@type\":\"ListItem\",\"position\":2,\"name\":\"Vacaciones\"}]},{\"@type\":\"WebSite\",\"@id\":\"https:\\\/\\\/goodsamottawa.org\\\/es\\\/#website\",\"url\":\"https:\\\/\\\/goodsamottawa.org\\\/es\\\/\",\"name\":\"Good Samaritan\",\"description\":\"\",\"publisher\":{\"@id\":\"https:\\\/\\\/goodsamottawa.org\\\/es\\\/#organization\"},\"potentialAction\":[{\"@type\":\"SearchAction\",\"target\":{\"@type\":\"EntryPoint\",\"urlTemplate\":\"https:\\\/\\\/goodsamottawa.org\\\/es\\\/?s={search_term_string}\"},\"query-input\":{\"@type\":\"PropertyValueSpecification\",\"valueRequired\":true,\"valueName\":\"search_term_string\"}}],\"inLanguage\":\"es\"},{\"@type\":\"Organization\",\"@id\":\"https:\\\/\\\/goodsamottawa.org\\\/es\\\/#organization\",\"name\":\"Good Samaritan\",\"url\":\"https:\\\/\\\/goodsamottawa.org\\\/es\\\/\",\"logo\":{\"@type\":\"ImageObject\",\"inLanguage\":\"es\",\"@id\":\"https:\\\/\\\/goodsamottawa.org\\\/es\\\/#\\\/schema\\\/logo\\\/image\\\/\",\"url\":\"https:\\\/\\\/goodsamottawa.org\\\/wp-content\\\/uploads\\\/2022\\\/10\\\/GS-Logo.svg\",\"contentUrl\":\"https:\\\/\\\/goodsamottawa.org\\\/wp-content\\\/uploads\\\/2022\\\/10\\\/GS-Logo.svg\",\"width\":343,\"height\":78,\"caption\":\"Good Samaritan\"},\"image\":{\"@id\":\"https:\\\/\\\/goodsamottawa.org\\\/es\\\/#\\\/schema\\\/logo\\\/image\\\/\"},\"sameAs\":[\"https:\\\/\\\/www.facebook.com\\\/GoodSamOttawa\",\"https:\\\/\\\/x.com\\\/goodsam513\",\"https:\\\/\\\/linkedin.com\\\/company\\\/goodsamottawa\",\"https:\\\/\\\/instagram.com\\\/goodsamottawa\"]}]}<\/script>\n<!-- \/ Yoast SEO plugin. -->","yoast_head_json":{"title":"Vacaciones - Good Samaritan","robots":{"index":"index","follow":"follow","max-snippet":"max-snippet:-1","max-image-preview":"max-image-preview:large","max-video-preview":"max-video-preview:-1"},"canonical":"https:\/\/goodsamottawa.org\/es\/23813644-2\/","og_locale":"es_ES","og_type":"article","og_title":"Vacaciones - Good Samaritan","og_description":"Nadie espera quedarse sin hogar.Estas fiestas, puedes dar a alguien un motivo de celebraci\u00f3n. El Buen Samaritano est\u00e1 aqu\u00ed para servir a cada persona en el Condado de Ottawa cuando experimentan la falta de vivienda o una crisis de vivienda. Como agencia de recursos designada para nuestro condado, El Buen Samaritano es el mejor primer [&hellip;]","og_url":"https:\/\/goodsamottawa.org\/es\/23813644-2\/","og_site_name":"Good Samaritan","article_publisher":"https:\/\/www.facebook.com\/GoodSamOttawa","article_modified_time":"2024-07-17T21:10:36+00:00","twitter_card":"summary_large_image","twitter_site":"@goodsam513","twitter_misc":{"Tiempo de lectura":"8 minutos"},"schema":{"@context":"https:\/\/schema.org","@graph":[{"@type":"WebPage","@id":"https:\/\/goodsamottawa.org\/es\/23813644-2\/","url":"https:\/\/goodsamottawa.org\/es\/23813644-2\/","name":"Vacaciones - Good Samaritan","isPartOf":{"@id":"https:\/\/goodsamottawa.org\/es\/#website"},"datePublished":"2023-12-04T14:44:13+00:00","dateModified":"2024-07-17T21:10:36+00:00","breadcrumb":{"@id":"https:\/\/goodsamottawa.org\/es\/23813644-2\/#breadcrumb"},"inLanguage":"es","potentialAction":[{"@type":"ReadAction","target":["https:\/\/goodsamottawa.org\/es\/23813644-2\/"]}]},{"@type":"BreadcrumbList","@id":"https:\/\/goodsamottawa.org\/es\/23813644-2\/#breadcrumb","itemListElement":[{"@type":"ListItem","position":1,"name":"Home","item":"https:\/\/goodsamottawa.org\/es\/"},{"@type":"ListItem","position":2,"name":"Vacaciones"}]},{"@type":"WebSite","@id":"https:\/\/goodsamottawa.org\/es\/#website","url":"https:\/\/goodsamottawa.org\/es\/","name":"Good Samaritan","description":"","publisher":{"@id":"https:\/\/goodsamottawa.org\/es\/#organization"},"potentialAction":[{"@type":"SearchAction","target":{"@type":"EntryPoint","urlTemplate":"https:\/\/goodsamottawa.org\/es\/?s={search_term_string}"},"query-input":{"@type":"PropertyValueSpecification","valueRequired":true,"valueName":"search_term_string"}}],"inLanguage":"es"},{"@type":"Organization","@id":"https:\/\/goodsamottawa.org\/es\/#organization","name":"Good Samaritan","url":"https:\/\/goodsamottawa.org\/es\/","logo":{"@type":"ImageObject","inLanguage":"es","@id":"https:\/\/goodsamottawa.org\/es\/#\/schema\/logo\/image\/","url":"https:\/\/goodsamottawa.org\/wp-content\/uploads\/2022\/10\/GS-Logo.svg","contentUrl":"https:\/\/goodsamottawa.org\/wp-content\/uploads\/2022\/10\/GS-Logo.svg","width":343,"height":78,"caption":"Good Samaritan"},"image":{"@id":"https:\/\/goodsamottawa.org\/es\/#\/schema\/logo\/image\/"},"sameAs":["https:\/\/www.facebook.com\/GoodSamOttawa","https:\/\/x.com\/goodsam513","https:\/\/linkedin.com\/company\/goodsamottawa","https:\/\/instagram.com\/goodsamottawa"]}]}},"_links":{"self":[{"href":"https:\/\/goodsamottawa.org\/es\/wp-json\/wp\/v2\/pages\/23813644","targetHints":{"allow":["GET"]}}],"collection":[{"href":"https:\/\/goodsamottawa.org\/es\/wp-json\/wp\/v2\/pages"}],"about":[{"href":"https:\/\/goodsamottawa.org\/es\/wp-json\/wp\/v2\/types\/page"}],"author":[{"embeddable":true,"href":"https:\/\/goodsamottawa.org\/es\/wp-json\/wp\/v2\/users\/8"}],"replies":[{"embeddable":true,"href":"https:\/\/goodsamottawa.org\/es\/wp-json\/wp\/v2\/comments?post=23813644"}],"version-history":[{"count":0,"href":"https:\/\/goodsamottawa.org\/es\/wp-json\/wp\/v2\/pages\/23813644\/revisions"}],"wp:attachment":[{"href":"https:\/\/goodsamottawa.org\/es\/wp-json\/wp\/v2\/media?parent=23813644"}],"wp:term":[{"taxonomy":"dipi_cpt_category","embeddable":true,"href":"https:\/\/goodsamottawa.org\/es\/wp-json\/wp\/v2\/dipi_cpt_category?post=23813644"}],"curies":[{"name":"wp","href":"https:\/\/api.w.org\/{rel}","templated":true}]}}